{"id":9921,"date":"2023-01-25T14:00:46","date_gmt":"2023-01-25T13:00:46","guid":{"rendered":"https:\/\/nmdb.no\/vintipset\/?page_id=9921"},"modified":"2023-01-26T09:47:22","modified_gmt":"2023-01-26T08:47:22","slug":"kittmodnede-oster","status":"publish","type":"page","link":"https:\/\/nmdb.no\/vintipset\/kittmodnede-oster\/","title":{"rendered":"Kittmodnede oster"},"content":{"rendered":"\n<p class=\"has-large-font-size\"><strong>Kittmodnede oster:\u00a0<\/strong><\/p>\n\n\n\n<p>Pont L\u2019Ev\u00eaque, Livarot, Langres, Port Salut og den kraftige M\u00fcnster.<\/p>\n\n\n<div class=\"wp-block-image is-style-default\">\n<figure class=\"alignright size-full is-resized\"><img loading=\"lazy\" decoding=\"async\" src=\"https:\/\/nmdb.no\/vintipset\/wp-content\/uploads\/2023\/01\/Pont-LEveque.png\" alt=\"\" class=\"wp-image-9939\" width=\"420\" height=\"223\" srcset=\"https:\/\/nmdb.no\/vintipset\/wp-content\/uploads\/2023\/01\/Pont-LEveque.png 528w, https:\/\/nmdb.no\/vintipset\/wp-content\/uploads\/2023\/01\/Pont-LEveque-300x159.png 300w, https:\/\/nmdb.no\/vintipset\/wp-content\/uploads\/2023\/01\/Pont-LEveque-150x80.png 150w\" sizes=\"(max-width: 420px) 100vw, 420px\" \/><\/figure><\/div>\n\n\n<ul class=\"wp-block-list\">\n<li>Kombiner gjerne med plommer og litchi.<\/li>\n\n\n\n<li>Kittoster har ofte et salt, oransjefarget skall og en lukt som kan gi assosiasjoner mot en stall. Konsistensen varierer fra halvmyk til hard, og ostene har mye karakter. Mange franskmenn drikker r\u00f8dvin til Pont L\u2019Ev\u00eaque. Etter min mening er det dog \u00e5 \u00f8ve vold mot vinen. Let heller etter litt kraftige, fyldige, aromatiske og runde hvitviner, fortrinnsvis Alsace-viner laget p\u00e5 Pinot Gris-druen hvis du vil ha en mer n\u00f8ytral smaksretning, og Gew\u00fcrztraminer dersom foretrekker mer parfyme og krydder.<\/li>\n<\/ul>\n","protected":false},"excerpt":{"rendered":"<p>Kittmodnede oster:\u00a0 Pont L\u2019Ev\u00eaque, Livarot, Langres, Port Salut og den kraftige M\u00fcnster.<\/p>\n<p class=\"continue-reading-button\"> <a class=\"continue-reading-link\" href=\"https:\/\/nmdb.no\/vintipset\/kittmodnede-oster\/\">Les mer<i class=\"crycon-right-dir\"><\/i><\/a><\/p>\n","protected":false},"author":3,"featured_media":0,"parent":0,"menu_order":0,"comment_status":"closed","ping_status":"closed","template":"","meta":{"footnotes":""},"class_list":["post-9921","page","type-page","status-publish","hentry"],"_links":{"self":[{"href":"https:\/\/nmdb.no\/vintipset\/wp-json\/wp\/v2\/pages\/9921"}],"collection":[{"href":"https:\/\/nmdb.no\/vintipset\/wp-json\/wp\/v2\/pages"}],"about":[{"href":"https:\/\/nmdb.no\/vintipset\/wp-json\/wp\/v2\/types\/page"}],"author":[{"embeddable":true,"href":"https:\/\/nmdb.no\/vintipset\/wp-json\/wp\/v2\/users\/3"}],"replies":[{"embeddable":true,"href":"https:\/\/nmdb.no\/vintipset\/wp-json\/wp\/v2\/comments?post=9921"}],"version-history":[{"count":4,"href":"https:\/\/nmdb.no\/vintipset\/wp-json\/wp\/v2\/pages\/9921\/revisions"}],"predecessor-version":[{"id":9969,"href":"https:\/\/nmdb.no\/vintipset\/wp-json\/wp\/v2\/pages\/9921\/revisions\/9969"}],"wp:attachment":[{"href":"https:\/\/nmdb.no\/vintipset\/wp-json\/wp\/v2\/media?parent=9921"}],"curies":[{"name":"wp","href":"https:\/\/api.w.org\/{rel}","templated":true}]}}