{"id":9919,"date":"2023-01-25T14:04:04","date_gmt":"2023-01-25T13:04:04","guid":{"rendered":"https:\/\/nmdb.no\/vintipset\/?page_id=9919"},"modified":"2023-01-25T14:18:29","modified_gmt":"2023-01-25T13:18:29","slug":"geitost","status":"publish","type":"page","link":"https:\/\/nmdb.no\/vintipset\/geitost\/","title":{"rendered":"Geitost"},"content":{"rendered":"\n<p><strong>Geitost:&nbsp;<\/strong>Ch\u00e8vre, Crottin de Chavignol og Saint-Maure.<\/p>\n\n\n<div class=\"wp-block-image is-style-default\">\n<figure class=\"alignright size-full is-resized\"><img loading=\"lazy\" decoding=\"async\" src=\"http:\/\/nmdb.no\/vintipset\/wp-content\/uploads\/2022\/09\/chevre-kopi.png\" alt=\"\" class=\"wp-image-9232\" width=\"31\" height=\"20\" srcset=\"https:\/\/nmdb.no\/vintipset\/wp-content\/uploads\/2022\/09\/chevre-kopi.png 550w, https:\/\/nmdb.no\/vintipset\/wp-content\/uploads\/2022\/09\/chevre-kopi-300x196.png 300w, https:\/\/nmdb.no\/vintipset\/wp-content\/uploads\/2022\/09\/chevre-kopi-250x150.png 250w, https:\/\/nmdb.no\/vintipset\/wp-content\/uploads\/2022\/09\/chevre-kopi-150x98.png 150w\" sizes=\"(max-width: 31px) 100vw, 31px\" \/><\/figure><\/div>\n\n<div class=\"wp-block-image is-style-default\">\n<figure class=\"alignright size-full is-resized\"><img loading=\"lazy\" decoding=\"async\" src=\"http:\/\/nmdb.no\/vintipset\/wp-content\/uploads\/2022\/09\/chevre-kopi.png\" alt=\"\" class=\"wp-image-9232\" width=\"375\" height=\"245\" srcset=\"https:\/\/nmdb.no\/vintipset\/wp-content\/uploads\/2022\/09\/chevre-kopi.png 550w, https:\/\/nmdb.no\/vintipset\/wp-content\/uploads\/2022\/09\/chevre-kopi-300x196.png 300w, https:\/\/nmdb.no\/vintipset\/wp-content\/uploads\/2022\/09\/chevre-kopi-150x98.png 150w\" sizes=\"(max-width: 375px) 100vw, 375px\" \/><\/figure><\/div>\n\n\n<ul class=\"wp-block-list\">\n<li>Kombiner gjerne med&nbsp;<em>modne<\/em>&nbsp;fiken, plommer (de sm\u00e5 gule), melon og aprikos.&nbsp;<\/li>\n\n\n\n<li>I denne kategorien finner man alle typer av oster som er laget av geitemelk. Ostene har en tydelig karakter og syrlig smak.<\/li>\n\n\n\n<li>Smaken av denne lyse geitosten er til dels syrlig og frisk med en liten touch av melkes\u00f8dme. Franskmennene har tradisjonelt brukt Sancerre eller Pouilly-Fum\u00e9 laget p\u00e5 Sauvignon Blanc-druen.<br>Men den lille melkes\u00f8dmen i osten og syren i vinen har lett for \u00e5 kollidere, s\u00e5 vi ville ha valgt en h\u00f8yere kvalitet og pris og en litt varm \u00e5rgang. Alternativer er en litt lagret Chablis 1er Cru fra en god \u00e5rgang eller en mineralsk Chassagne Montrachet fra det sentrale Bourgogne. Vinens mineralitet og syre tar frem de beste smakene i osten.<\/li>\n<\/ul>\n","protected":false},"excerpt":{"rendered":"<p>Geitost:&nbsp;Ch\u00e8vre, Crottin de Chavignol og Saint-Maure.<\/p>\n<p class=\"continue-reading-button\"> <a class=\"continue-reading-link\" href=\"https:\/\/nmdb.no\/vintipset\/geitost\/\">Les mer<i class=\"crycon-right-dir\"><\/i><\/a><\/p>\n","protected":false},"author":4,"featured_media":0,"parent":0,"menu_order":0,"comment_status":"closed","ping_status":"closed","template":"","meta":{"footnotes":""},"class_list":["post-9919","page","type-page","status-publish","hentry"],"_links":{"self":[{"href":"https:\/\/nmdb.no\/vintipset\/wp-json\/wp\/v2\/pages\/9919"}],"collection":[{"href":"https:\/\/nmdb.no\/vintipset\/wp-json\/wp\/v2\/pages"}],"about":[{"href":"https:\/\/nmdb.no\/vintipset\/wp-json\/wp\/v2\/types\/page"}],"author":[{"embeddable":true,"href":"https:\/\/nmdb.no\/vintipset\/wp-json\/wp\/v2\/users\/4"}],"replies":[{"embeddable":true,"href":"https:\/\/nmdb.no\/vintipset\/wp-json\/wp\/v2\/comments?post=9919"}],"version-history":[{"count":4,"href":"https:\/\/nmdb.no\/vintipset\/wp-json\/wp\/v2\/pages\/9919\/revisions"}],"predecessor-version":[{"id":9954,"href":"https:\/\/nmdb.no\/vintipset\/wp-json\/wp\/v2\/pages\/9919\/revisions\/9954"}],"wp:attachment":[{"href":"https:\/\/nmdb.no\/vintipset\/wp-json\/wp\/v2\/media?parent=9919"}],"curies":[{"name":"wp","href":"https:\/\/api.w.org\/{rel}","templated":true}]}}