{"id":7335,"date":"2020-11-17T15:06:33","date_gmt":"2020-11-17T14:06:33","guid":{"rendered":"http:\/\/nmdb.no\/vintipset\/?page_id=7335"},"modified":"2020-11-17T15:06:33","modified_gmt":"2020-11-17T14:06:33","slug":"le-nez-2","status":"publish","type":"page","link":"https:\/\/nmdb.no\/vintipset\/le-nez-2\/","title":{"rendered":"Le Nez"},"content":{"rendered":"<h1>Om aromaer i vin<\/h1>\n<p>Kj\u00e6re vinvenn,<\/p>\n<p>I l\u00f8pet av de tre neste ukene har jeg tenkt \u00e5 skrive om et veldig viktig tema: \u00abvinens aldringsprosess\u00bb<\/p>\n<ol>\n<li>I dag vil jeg presentere de prim\u00e6re, sekund\u00e6re og terti\u00e6re aromaer\/dufter i vin.<\/li>\n<li>I neste tips\u00a0vil jeg legge frem hvordan man lagrer vinen best mulig.<\/li>\n<li>Uken deretter, vil jeg presentere aldringsprosessen i vinen.<\/li>\n<\/ol>\n<p>F\u00f8rst vil jeg gjerne presisere at ikke alle viner t\u00e5ler \u00e5 lagres lenge. Enkelte viner er ment \u00e5 skulle drikkes i ung alder, for \u00e5 bevare og nyte deres prim\u00e6re aromaer og dufter i form av\u00a0friskhet, saftighet og andre egenskaper som kommer fra selve druene. Dette er \u201dpersonligheten\u201d til druene.<\/p>\n<p><strong><a href=\"http:\/\/nmdb.no\/vintipset\/wp-content\/uploads\/2016\/09\/DSC_0081.jpg\"><img loading=\"lazy\" decoding=\"async\" class=\"wp-image-401 size-medium alignright\" src=\"http:\/\/nmdb.no\/vintipset\/wp-content\/uploads\/2016\/09\/DSC_0081-300x201.jpg\" alt=\"dsc_0081\" width=\"300\" height=\"201\" srcset=\"https:\/\/nmdb.no\/vintipset\/wp-content\/uploads\/2016\/09\/DSC_0081-300x201.jpg 300w, https:\/\/nmdb.no\/vintipset\/wp-content\/uploads\/2016\/09\/DSC_0081-224x150.jpg 224w, https:\/\/nmdb.no\/vintipset\/wp-content\/uploads\/2016\/09\/DSC_0081-150x100.jpg 150w, https:\/\/nmdb.no\/vintipset\/wp-content\/uploads\/2016\/09\/DSC_0081.jpg 450w\" sizes=\"(max-width: 300px) 100vw, 300px\" \/><\/a>Prim\u00e6re aromaer<br \/>\n<\/strong>Disse kan inndeles i tre kategorier:<\/p>\n<ol>\n<li>Fruktig: I hvitvin: Sitrus, grapefrukt, appelsin og muskat \u2026<br \/>\nI\u00a0r\u00f8dvin: Bringeb\u00e6r, bl\u00e5b\u00e6r, rips, solb\u00e6r, og kirseb\u00e6r \u2026<\/li>\n<li>Blomsteraktig: Akasie, lind, roser, fiol<\/li>\n<li>Vegetabilsk: Gr\u00f8nn pepper, pinje, timian, paprika\u2026<\/li>\n<\/ol>\n<p>Mange har spurt meg om de ulike duftene og smakene i vinen, alt fra sitrus, muskat og solb\u00e6r til pinje, paprika og tobakk. De lurer p\u00e5 om duftene kommer fra tilsatte frukter og plantedeler. Svaret er nei, heldigvis \u2013 noen viner har jo dufter av asfalt, diesel, svette, l\u00e6r, kattepiss, hestesvette, r\u00e5ttent l\u00f8v og v\u00e5t jord \u2026<\/p>\n<p><strong>Sekund\u00e6re aromaer kommer etter den f\u00f8rste gj\u00e6ringsprosessen.<\/strong><br \/>\nDette er dufter som ananas, banan, kj\u00e6rlighetsfrukt (litchi), melon, eple, p\u00e6re, jordb\u00e6r, aprikos, fersken, valn\u00f8tt, honning (s\u00e6rlig i viner basert p\u00e5 S\u00e9millon Blanc druer og Tokay \/Pinot Gris druer) . Solb\u00e6rstilk, kanel, safran, nellik (finnes i viner basert p\u00e5 Gew\u00fcrztraminer) og ferskt sm\u00f8r.<\/p>\n<p>De sekund\u00e6re aromaene er fruktige eller blomsterpregede og kommer fra gj\u00e6ringsprosessen, og er veldig fremtredende i hvitvin. Mange nye dufter blir f\u00f8dt n\u00e5r gj\u00e6rende mikroorganismer forvandler druemolekyler. Gj\u00e6ringsprosessen som danner alkohol, er avgj\u00f8rende for aromautviklingen. Forvandlingen av sukker til alkohol medf\u00f8rer en kjede av enzymatiske reaksjoner som endrer originale aromaer.<\/p>\n<p>Vinen skal ogs\u00e5 lagres en tid p\u00e5 fat eller flaske. Da utvikler den <strong>terti\u00e6re aromaer,<\/strong> bedre kjent som \u201dbouquet\u201d.<br \/>\nDe terti\u00e6re aromaene blir f\u00f8dt ved forvandlingen av prim\u00e6re og sekund\u00e6re aromaer samt garvestoffer under flaske- eller fatlagring. Dette er de mest fabelaktige aromaer som finnes, og disse gj\u00f8r vinens duftverden s\u00e5 magisk!<\/p>\n<p><a href=\"http:\/\/nmdb.no\/vintipset\/wp-content\/uploads\/2016\/09\/Copy-of-DSC_0143.jpg\"><img loading=\"lazy\" decoding=\"async\" class=\"wp-image-433 size-medium alignright\" src=\"http:\/\/nmdb.no\/vintipset\/wp-content\/uploads\/2016\/09\/Copy-of-DSC_0143-300x201.jpg\" alt=\"copy-of-dsc_0143\" width=\"300\" height=\"201\" srcset=\"https:\/\/nmdb.no\/vintipset\/wp-content\/uploads\/2016\/09\/Copy-of-DSC_0143-300x201.jpg 300w, https:\/\/nmdb.no\/vintipset\/wp-content\/uploads\/2016\/09\/Copy-of-DSC_0143-224x150.jpg 224w, https:\/\/nmdb.no\/vintipset\/wp-content\/uploads\/2016\/09\/Copy-of-DSC_0143-150x100.jpg 150w, https:\/\/nmdb.no\/vintipset\/wp-content\/uploads\/2016\/09\/Copy-of-DSC_0143.jpg 450w\" sizes=\"(max-width: 300px) 100vw, 300px\" \/><\/a>Felles for b\u00e5de r\u00f8dvin og hvitvin: Fra garvestoffer: r\u00f8yk, brent, vanilje \u2026<\/p>\n<ol>\n<li>Hvitvin: T\u00f8rkede frukter, aprikos, b\u00e6r \u2026<\/li>\n<li>R\u00f8dvin: Plommer og fiken; tr\u00f8fler (i Pomerol), vilt, musk, animalsk svette (i utviklet Burgund \/ St.\u00a0Emilion), plommer, sopp, sedertre, lakris, sigarboks, l\u00e6r, toast, ristede mandler, hasseln\u00f8tt, karamell, m\u00f8rk sjokolade \u2026<\/li>\n<\/ol>\n<hr \/>\n<h3><em>F\u00e5 nese for god vin, og bli en mester p\u00e5 \u00e5 beskrive det du drikker.<\/em><\/h3>\n<p><strong><a href=\"http:\/\/nmdb.no\/vintipset\/wp-content\/uploads\/2016\/09\/Le-nes-annonse.jpg\"><img loading=\"lazy\" decoding=\"async\" class=\"size-medium wp-image-410 alignright\" src=\"http:\/\/nmdb.no\/vintipset\/wp-content\/uploads\/2016\/09\/Le-nes-annonse-195x300.jpg\" alt=\"le-nes-annonse\" width=\"195\" height=\"300\" srcset=\"https:\/\/nmdb.no\/vintipset\/wp-content\/uploads\/2016\/09\/Le-nes-annonse-195x300.jpg 195w, https:\/\/nmdb.no\/vintipset\/wp-content\/uploads\/2016\/09\/Le-nes-annonse-97x150.jpg 97w, https:\/\/nmdb.no\/vintipset\/wp-content\/uploads\/2016\/09\/Le-nes-annonse.jpg 562w\" sizes=\"(max-width: 195px) 100vw, 195px\" \/><\/a>Luktesansen\u00a0<\/strong>er noe av det viktigste redskapet vi mennesker har. Le Nez du Vin hjelper deg med \u00e5 sette ord p\u00e5 dufter, og er et uvurderlig hjelpemiddel for glade vinelskere s\u00e5 vel som for profesjonelle.<\/p>\n<p>De som har en forkj\u00e6rlighet for brennevin eller kaffe, kan ogs\u00e5 glede seg over spesialtilpassede sett som gir deg enda st\u00f8rre glede av det vi har i kopp eller glass.\u00a0<a href=\"http:\/\/nmdb.no\/vintipset\/wp-content\/uploads\/2016\/09\/Le-Nez.pdf\" target=\"_blank\" rel=\"noopener noreferrer\">Les mer&#8230;<\/a><\/p>\n","protected":false},"excerpt":{"rendered":"<p>Om aromaer i vin Kj\u00e6re vinvenn, I l\u00f8pet av de tre neste ukene har jeg tenkt \u00e5 skrive om et veldig viktig tema: \u00abvinens aldringsprosess\u00bb I dag vil jeg presentere de prim\u00e6re, sekund\u00e6re og terti\u00e6re aromaer\/dufter i vin. I neste tips\u00a0vil jeg legge frem hvordan man lagrer vinen best mulig. Uken deretter, vil jeg presentere aldringsprosessen i vinen. F\u00f8rst vil jeg gjerne presisere at ikke alle viner t\u00e5ler \u00e5 lagres lenge. Enkelte viner er ment \u00e5 skulle drikkes i ung alder, for \u00e5 bevare og nyte deres prim\u00e6re aromaer og dufter i form av\u00a0friskhet, saftighet og andre egenskaper som kommer&#8230;<\/p>\n<p class=\"continue-reading-button\"> <a class=\"continue-reading-link\" href=\"https:\/\/nmdb.no\/vintipset\/le-nez-2\/\">Les mer<i class=\"crycon-right-dir\"><\/i><\/a><\/p>\n","protected":false},"author":4,"featured_media":0,"parent":0,"menu_order":0,"comment_status":"closed","ping_status":"closed","template":"","meta":{"footnotes":""},"class_list":["post-7335","page","type-page","status-publish","hentry"],"_links":{"self":[{"href":"https:\/\/nmdb.no\/vintipset\/wp-json\/wp\/v2\/pages\/7335"}],"collection":[{"href":"https:\/\/nmdb.no\/vintipset\/wp-json\/wp\/v2\/pages"}],"about":[{"href":"https:\/\/nmdb.no\/vintipset\/wp-json\/wp\/v2\/types\/page"}],"author":[{"embeddable":true,"href":"https:\/\/nmdb.no\/vintipset\/wp-json\/wp\/v2\/users\/4"}],"replies":[{"embeddable":true,"href":"https:\/\/nmdb.no\/vintipset\/wp-json\/wp\/v2\/comments?post=7335"}],"version-history":[{"count":2,"href":"https:\/\/nmdb.no\/vintipset\/wp-json\/wp\/v2\/pages\/7335\/revisions"}],"predecessor-version":[{"id":7340,"href":"https:\/\/nmdb.no\/vintipset\/wp-json\/wp\/v2\/pages\/7335\/revisions\/7340"}],"wp:attachment":[{"href":"https:\/\/nmdb.no\/vintipset\/wp-json\/wp\/v2\/media?parent=7335"}],"curies":[{"name":"wp","href":"https:\/\/api.w.org\/{rel}","templated":true}]}}