{"id":5757,"date":"2019-09-26T15:00:30","date_gmt":"2019-09-26T13:00:30","guid":{"rendered":"http:\/\/nmdb.no\/vintipset\/?page_id=5757"},"modified":"2019-09-26T15:00:30","modified_gmt":"2019-09-26T13:00:30","slug":"personvernerklaering","status":"publish","type":"page","link":"https:\/\/nmdb.no\/vintipset\/personvernerklaering\/","title":{"rendered":"Personvernerkl\u00e6ring"},"content":{"rendered":"\n<h2 class=\"wp-block-heading\"><strong>Personvern- og cookieserkl\u00e6ring<\/strong><\/h2>\n\n\n\n<p>Vinhuset Nofra AS eier nettstedet vindunderlig.no. Alt innhold som publiseres p\u00e5 v\u00e5re nettsider tilh\u00f8rer oss. Republisering er ikke lov med mindre det er gitt skriftlig tillatelse til dette. Ved \u00e5 bruke v\u00e5re nettsider, samtykker du til behandling av personopplysninger i henhold til denne erkl\u00e6ring.<\/p>\n\n\n\n<h3 class=\"wp-block-heading\"><strong>Hva er personvern?<\/strong><\/h3>\n\n\n\n<p>Personvern er retten til \u00e5 bestemme over personopplysninger om en selv. Med personopplysninger menes alle opplysninger og vurderinger som kan knyttes til deg som enkeltperson. Med behandling av personopplysninger mener man enhver bruk av personopplysninger, som for eksempel innsamling, registrering, sammenstilling, lagring og utlevering eller en kombinasjon av slike bruksm\u00e5ter.<\/p>\n\n\n\n<h3 class=\"wp-block-heading\"><strong>Samtykke<\/strong><\/h3>\n\n\n\n<p>Vinhuset Nofra \u00f8nsker \u00e5 gi deg den beste kj\u00f8psopplevelsen. Vi behandler personopplysninger i samsvar med personopplysningsloven. Vi \u00f8nsker at v\u00e5r markedsf\u00f8ring skal oppleves relevant og verdifull for deg til enhver tid, derfor vil innholdet som oftest v\u00e6re tilpasset deg. Vi samarbeider med utvalgte partnere for \u00e5 f\u00e5 til en god l\u00f8sning knyttet til e-postutsendelser Behandlingsgrunnlaget for e-postmarkedsf\u00f8ring er samtykke. Det betyr at du m\u00e5 aktivt samtykke at du \u00f8nsker \u00e5 motta e-postmarkedsf\u00f8ring fra oss.<\/p>\n\n\n\n<p>Ved \u00e5 aktivt samtykke til v\u00e5r personvernerkl\u00e6ring aksepterer jeg at Vinhuset Nofra kan:<\/p>\n\n\n\n<ul class=\"wp-block-list\"><li>Bruke mine personopplysninger, og kj\u00f8pshistorikk (for eksempel kassekvittering, kuponger og gavekort) for \u00e5 tilpasse markedsf\u00f8ring i nyhetsbrev.<\/li><li>Benytte og sammenstille personopplysninger til formidling av tilbud og annen informasjon gjennom sosiale medier og andre digitale kommunikasjonsnettverk. Eksempler p\u00e5 dette kan v\u00e6re Facebook og Instagram.<\/li><li>Anonymisere opplysninger og bruke opplysninger som ikke kan knyttes til meg til andre form\u00e5l.<\/li><li>Jeg kan n\u00e5r som helst trekke tilbake mitt samtykke, enten i hvilket som helst nyhetsbrev eller ved \u00e5 kontakte Vinhuset Nofra, se kontaktinfo nederst.<\/li><li>Daglig leder har ansvaret for Vinhuset Nofra AS sin behandling av personopplysninger knyttet til markedsf\u00f8ring, analyse og personalisering.<\/li><\/ul>\n\n\n\n<h3 class=\"wp-block-heading\"><strong>Form\u00e5let med \u00e5 samle inn personopplysninger.<\/strong><\/h3>\n\n\n\n<p>Vi samler enkelte personopplysninger for \u00e5 kunne tilby kunder og f\u00f8lgere gode tilbud og nyheter, basert p\u00e5 tidligere kj\u00f8p, gi tilpasset kommunikasjon, og \u00e5 bygge generell kunnskap om kj\u00f8pstrender.<\/p>\n\n\n\n<p>Behandlingen av opplysningene om deg bygger p\u00e5 samtykket du har gitt og blir behandlet i henhold til personopplysningsloven, EUs forordning for personvern, bokf\u00f8ringsloven og eventuelle andre relevante lover.<\/p>\n\n\n\n<p>Etter personopplysningsloven har Vinhuset Nofra (v\/ daglig leder) rollen som behandlingsansvarlig. Utleveres opplysninger om deg til Vinhuset Nofra sine tjenesteleverand\u00f8rer, vil tjenesteleverand\u00f8ren v\u00e6re databehandler for disse opplysningene.<\/p>\n\n\n\n<h3 class=\"wp-block-heading\"><strong>Hvilke opplysninger samles inn<\/strong><\/h3>\n\n\n\n<p>For \u00e5 gjennomf\u00f8re et kj\u00f8p p\u00e5 vindunderlig.no trenger vi navn, adresse, mobilnummer og e-post. N\u00e5r du handler i v\u00e5r nettbutikk lagrer vi i tillegg informasjon om handelen som bel\u00f8p, produkter, dato\/tidspunkt, hvor kj\u00f8pet er gjort, ip-adresse og om eventuelle kuponger eller gavekort er benyttet.<\/p>\n\n\n\n<p>Din respons p\u00e5 e-postkampanjer, tilpassede kuponger, e-post og SMS utsendelser og innlogget aktivitet p\u00e5 nett kan bli lagret.<\/p>\n\n\n\n<p>Nettbutikken lagrer informasjonskapsler (cookies).<\/p>\n\n\n\n<p>Cookies og webanalyse<\/p>\n\n\n\n<p>Vinhuset Nofra AS benytter seg av cookies, ogs\u00e5 kalt informasjonskapsler, p\u00e5 v\u00e5re nettsider. Cookies er en datafil som lagres p\u00e5 enheten du surfer fra. Vinhuset Nofra AS bruker blant annet cookies for \u00e5 analysere bruken av v\u00e5re nettsider samt til markedsf\u00f8ringstiltak ved eksempelvis nedlastning av materiale fra v\u00e5r nettside.<\/p>\n\n\n\n<p>Ved \u00e5 bruke v\u00e5re nettsider samtykker du til v\u00e5r bruk av cookies. Du kan imidlertid i din nettleser blokkere og slette cookies. Hvis du \u00f8nsker mer informasjon om hvordan du kan blokkere og tillate bruken av informasjonskapsler i din nettleser kan du lese mer p\u00e5 nettvett.no sine nettsider.<\/p>\n\n\n\n<p>Vennligst v\u00e6r oppmerksom p\u00e5 at ved \u00e5 stenge for bruk av cookies vil du kunne oppleve at v\u00e5re nettsider ikke fungerer optimalt.<\/p>\n\n\n\n<h3 class=\"wp-block-heading\"><strong>Hvordan bruker Vinhuset Nofra dine opplysninger<\/strong><\/h3>\n\n\n\n<p>Vinhuset Nofra og v\u00e5re tjenesteleverand\u00f8rer kan bruke opplysningene du selv har registrert, og opplysninger som oppst\u00e5r gjennom kj\u00f8p i v\u00e5r nettbutikk, for at disse skal kunne oppfylle sine avtaler med deg.<\/p>\n\n\n\n<p>Opplysningene som blir samlet inn p\u00e5 v\u00e5re nettsider vil i utgangspunktet bli brukt til \u00e5 levere bestilte varer. Dette er n\u00f8dvendig for \u00e5 kunne sende din bestilling til riktig leveringsadresse, holde deg oppdatert med ordrebevegelsene samt kontakte deg dersom det skulle v\u00e6re behov i henhold til dine ordre.<\/p>\n\n\n\n<p>Opplysningene kan ogs\u00e5 bli brukt til markedsf\u00f8ringstiltak som for eksempel informasjon om v\u00e5re produkter samt annen direkte\/indirekte markedsf\u00f8ring. Videre vil ogs\u00e5 innsamlede opplysninger kunne bli brukt til statistikk samt drift, vedlikehold og forbedring av v\u00e5re nettsider.<\/p>\n\n\n\n<p>Vinhuset Nofra og v\u00e5re tjenesteleverand\u00f8rer bruker opplysningene for \u00e5 gi deg tilbud og kommunikasjon i tr\u00e5d med de samtykker du har gitt. Du kan n\u00e5r som helst trekke tilbake samtykket ditt, og vi vil da slette de opplysninger som ble lagret i tilknytning til det aktuelle samtykket.<\/p>\n\n\n\n<p>Vinhuset Nofra analyserer kj\u00f8pshistorikk for \u00e5 gi deg personaliserte og relevante tilbud, samt forslag til ofte kj\u00f8pte produkter. I tillegg kan du i ditt samtykke velge om du vil ha en p\u00e5minnelse pr e-post, dersom du p\u00e5begynner en handel, men ikke fullf\u00f8rer den.<\/p>\n\n\n\n<p>Vi er p\u00e5lagt \u00e5 oppbevare ordreinformasjon i forbindelse med regnskapsf\u00f8ring, avgiftsh\u00e5ndtering og eventuell garanti-\/returh\u00e5ndtering. Detaljert kj\u00f8pshistorikk oppbevares inntil i fem \u00e5r etter krav i bokf\u00f8ringsloven. Detaljerte kj\u00f8psopplysninger anonymiseres.Vi oppbevarer ogs\u00e5 IP-adressen som er benyttet ved bestilling av sikkerhetshensyn. Vinhuset Nofra AS har ikke ansvar for innhold eller behandling av personopplysninger p\u00e5 eksterne nettsider.<\/p>\n\n\n\n<h3 class=\"wp-block-heading\"><strong>&nbsp;Hvem deler Vinhuset Nofra opplysninger med (utlevering)<\/strong><\/h3>\n\n\n\n<p>Personopplysninger kan deles med Vinhuset Nofra sine tjenesteleverand\u00f8rer. Eksempler er utvikling av digitale tjenester hos Kult Byr\u00e5 og markedsf\u00f8ring fra Facebook. Etter personopplysningsloven kalles slik deling for utlevering. Da er Vinhuset Nofra sin tjenesteleverand\u00f8r behandlingsansvarlig, og kan behandle opplysningene dine ut fra samtykkene du har gitt.<\/p>\n\n\n\n<p>Vinhuset Nofra kan i visse tilfeller, regulert av lovverk, ogs\u00e5 levere opplysninger til myndighetene.<\/p>\n\n\n\n<h3 class=\"wp-block-heading\"><strong>Hvem behandler dine opplysninger (databehandlere)<\/strong><\/h3>\n\n\n\n<p>Flere selskaper bidrar i \u00e5 behandle dine opplysninger. Etter personopplysningsloven er slike selskaper databehandlere og behandler opplysninger etter instruksjoner gitt av Vinhuset Nofra i henhold til databehandleravtaler med Vinhuset Nofra.<\/p>\n\n\n\n<p>F\u00f8lgende selskap er sentrale n\u00e5r dine opplysninger behandles:<\/p>\n\n\n\n<p>Kult Byr\u00e5 \u2013 teknisk bistand med nettbutikk<\/p>\n\n\n\n<p>ProIsp \u2013 v\u00e5r webhost som lagrer nettbutikk, databaser og alle opplysninger og informasjon knyttet til vindunderlig.no.<\/p>\n\n\n\n<p>Bambora og Lindorff for fakturabetaling, Vipps, Visa- og Mastercard transaksjoner<\/p>\n\n\n\n<p>Facebook for annonsering<\/p>\n\n\n\n<p>Google Analytics for annonsering<\/p>\n\n\n\n<p>Bring for levering av varer<\/p>\n\n\n\n<h3 class=\"wp-block-heading\"><strong>Sikkerhet<\/strong><\/h3>\n\n\n\n<p>Vindunderlig.no benytter SSL-sertifikat (for HTTPS). Dette sertifikatet har A-rating, og sikrer blant annet kommunikasjonen mellom nettstedet og bes\u00f8kende slik at ingen skal kunne lese eller endre p\u00e5 informasjon som utveksles. I tillegg sikrer dette identitet til nettstedet. Servere driftes hos ProIsp der det gj\u00f8res n\u00f8dvendige oppdateringer og sikkerhetstiltak.<\/p>\n\n\n\n<h3 class=\"wp-block-heading\"><strong>Statistikk<\/strong><\/h3>\n\n\n\n<p>Alle bes\u00f8k p\u00e5 vindunderlig.no etterlater elektroniske spor. Vi analyserer opplysninger, som blant annet aktivitet p\u00e5 v\u00e5re nettsider, samt interaksjon med v\u00e5re sider i sosiale medier, samt opplysninger om eventuelle kj\u00f8p i v\u00e5r nettbutikk.<\/p>\n\n\n\n<p>Opplysningene blir ikke brukt til \u00e5 identifisere deg som person. Vinhuset Nofra bruker opplysningene til \u00e5 lage statistikk som viser for eksempel hvilke sider som er mest lest, omsetning og popul\u00e6re produkter. Slik kan vi forbedre v\u00e5re tjenester.<\/p>\n\n\n\n<h3 class=\"wp-block-heading\"><strong>Sosiale Medier<\/strong><\/h3>\n\n\n\n<p>Vindunderlig.no inneholder funksjoner for sosiale medier, inkludert liker-knapp for Facebook. Slike funksjoner kan registrere IP-adressen din og hvilken side du \u00e5pner p\u00e5 nettstedet v\u00e5rt, og de kan lagre informasjonskapsler for at funksjonene skal fungere som tiltenkt. Funksjoner for sosiale medier driftes enten av en tredjepart eller direkte p\u00e5 nettstedet v\u00e5rt. Din bruk av slike funksjoner er underlagt personvernerkl\u00e6ringen til selskapet som leverer dem.<\/p>\n\n\n\n<h3 class=\"wp-block-heading\"><strong>Dine rettigheter<\/strong><\/h3>\n\n\n\n<p>Du har rett til innsyn i egne personopplysninger som behandles om deg. Du har ogs\u00e5 en rett til \u00e5 kreve at personopplysninger om deg blir rettet dersom disse viser seg \u00e5 v\u00e6re uriktige eller ufullstendige. Videre har du ogs\u00e5 en rett til \u00e5 bli glemt, hvilket betyr at du kan kreve at personopplysninger om deg blir slettet. Med mindre det foreligger et s\u00e6rskilt lovgrunnlag for fortsatt behandling av personopplysningene vil disse bli slettet. Det er frivillig \u00e5 gi fra seg personopplysninger, og et samtykke til behandling av personopplysninger kan alltid trekkes tilbake.<\/p>\n\n\n\n<p>Et eksempel p\u00e5 et unntak av dette er kravet om oppbevaring av dokumentasjon p\u00e5 transaksjoner i 5 \u00e5r jf. Bokf\u00f8ringsloven \u00a713.<\/p>\n\n\n\n<h3 class=\"wp-block-heading\"><strong>Lovvalg og verneting<\/strong><\/h3>\n\n\n\n<p>Eventuelle tvister skal behandles i henhold til norsk lov med Oslo tingrett som verneting.<\/p>\n\n\n\n<h3 class=\"wp-block-heading\"><strong>Kontaktinformasjon<\/strong><\/h3>\n\n\n\n<p>Vinhuset Nofra AS<\/p>\n\n\n\n<p>post@vinhusetnofra.no<\/p>\n","protected":false},"excerpt":{"rendered":"<p>Personvern- og cookieserkl\u00e6ring Vinhuset Nofra AS eier nettstedet vindunderlig.no. Alt innhold som publiseres p\u00e5 v\u00e5re nettsider tilh\u00f8rer oss. Republisering er ikke lov med mindre det er gitt skriftlig tillatelse til dette. Ved \u00e5 bruke v\u00e5re nettsider, samtykker du til behandling av personopplysninger i henhold til denne erkl\u00e6ring. Hva er personvern? Personvern er retten til \u00e5 bestemme over personopplysninger om en selv. Med personopplysninger menes alle opplysninger og vurderinger som kan knyttes til deg som enkeltperson. Med behandling av personopplysninger mener man enhver bruk av personopplysninger, som for eksempel innsamling, registrering, sammenstilling, lagring og utlevering eller en kombinasjon av slike bruksm\u00e5ter&#8230;.<\/p>\n<p class=\"continue-reading-button\"> <a class=\"continue-reading-link\" href=\"https:\/\/nmdb.no\/vintipset\/personvernerklaering\/\">Les mer<i class=\"crycon-right-dir\"><\/i><\/a><\/p>\n","protected":false},"author":3,"featured_media":0,"parent":0,"menu_order":0,"comment_status":"closed","ping_status":"closed","template":"","meta":{"footnotes":""},"class_list":["post-5757","page","type-page","status-publish","hentry"],"_links":{"self":[{"href":"https:\/\/nmdb.no\/vintipset\/wp-json\/wp\/v2\/pages\/5757"}],"collection":[{"href":"https:\/\/nmdb.no\/vintipset\/wp-json\/wp\/v2\/pages"}],"about":[{"href":"https:\/\/nmdb.no\/vintipset\/wp-json\/wp\/v2\/types\/page"}],"author":[{"embeddable":true,"href":"https:\/\/nmdb.no\/vintipset\/wp-json\/wp\/v2\/users\/3"}],"replies":[{"embeddable":true,"href":"https:\/\/nmdb.no\/vintipset\/wp-json\/wp\/v2\/comments?post=5757"}],"version-history":[{"count":1,"href":"https:\/\/nmdb.no\/vintipset\/wp-json\/wp\/v2\/pages\/5757\/revisions"}],"predecessor-version":[{"id":5761,"href":"https:\/\/nmdb.no\/vintipset\/wp-json\/wp\/v2\/pages\/5757\/revisions\/5761"}],"wp:attachment":[{"href":"https:\/\/nmdb.no\/vintipset\/wp-json\/wp\/v2\/media?parent=5757"}],"curies":[{"name":"wp","href":"https:\/\/api.w.org\/{rel}","templated":true}]}}