{"id":5352,"date":"2019-08-15T10:13:13","date_gmt":"2019-08-15T08:13:13","guid":{"rendered":"http:\/\/nmdb.no\/vintipset\/?page_id=5352"},"modified":"2019-08-15T10:13:13","modified_gmt":"2019-08-15T08:13:13","slug":"om-zinfandel","status":"publish","type":"page","link":"https:\/\/nmdb.no\/vintipset\/om-zinfandel\/","title":{"rendered":"Om Zinfandel"},"content":{"rendered":"\n<p>\n\nJeg vil innlede med noen linjer om en litt \u00abeksotisk\u00bb drue (for en franskmann, i hvert fall) som jeg liker spesielt godt. For en mann fra Bordeaux som bare er kjent med \u00abklassiske druer\u00bb som merlot og cabernet er zinfandel en \u00abannerledes\u00bb drue. Druen har nemlig en stor fylde, utvikler et dypt preg av b\u00e6r ved lagring, og har en deilig krydret karakter i seg &#8230;:<br><\/p>\n\n\n\n<div class=\"wp-block-image\"><figure class=\"alignright is-resized\"><a href=\"http:\/\/nmdb.no\/vintipset\/wp-content\/uploads\/2019\/08\/california.jpg\"><img loading=\"lazy\" decoding=\"async\" src=\"http:\/\/nmdb.no\/vintipset\/wp-content\/uploads\/2019\/08\/california.jpg\" alt=\"\" class=\"wp-image-5321\" width=\"196\" height=\"260\" srcset=\"https:\/\/nmdb.no\/vintipset\/wp-content\/uploads\/2019\/08\/california.jpg 1876w, https:\/\/nmdb.no\/vintipset\/wp-content\/uploads\/2019\/08\/california-225x300.jpg 225w, https:\/\/nmdb.no\/vintipset\/wp-content\/uploads\/2019\/08\/california-768x1024.jpg 768w, https:\/\/nmdb.no\/vintipset\/wp-content\/uploads\/2019\/08\/california-113x150.jpg 113w\" sizes=\"(max-width: 196px) 100vw, 196px\" \/><\/a><\/figure><\/div>\n\n\n\n<p>Zinfandel var frem til 1998 den mest plantede druen i California, og er fortsatt i dag en av de viktigste variantene i USA, og mer enn 10 prosent av de californiske vinstokkene er i dag zinfandel. Dette er en sjener\u00f8s drue som inneholder mye naturlig sukker, og kan gj\u00e6res til vin som overstiger 15 prosent alkohol. Vinene av druen har godt med tanniner, moderat syre og god balanse, men er sv\u00e6rt avhengige av jordsmonn (elle<em>r terroir<\/em>), temperatur, beskj\u00e6ring (buskstil), avkastning (som skal v\u00e6re kontrollert og begrenset), innh\u00f8stning og modning (man skal unng\u00e5 undermodne og overmodne druer) og lagring. Zinfandel t\u00e5ler godt varmen og er dermed godt representert i San Joaquin, Fresno og p\u00e5 Madeira, der gjennomsnittlig temperatur for det meste ligger over 40 \u00b0C om sommeren. Med denne h\u00f8ye temperaturen,&nbsp;og uten \u00e5 ha kj\u00f8lige netter, smaker ofte unge zinfandel av ferske og friske r\u00f8de b\u00e6r og frukt (mot moreller og syltet\u00f8y). I andre distrikter hvor det er mindre varme dager, og nettene er kj\u00f8ligere (Napa, Mendocino, Sonoma og San Luis Obispo) utvikler den aromaer og dufter av bringeb\u00e6r, bj\u00f8rneb\u00e6r og bl\u00e5b\u00e6r, med klare lakristoner, t\u00f8rket frukt, sjokoladeurteaktig kompleksitet, krydder og pepperaktig karakter.\n\n<\/p>\n","protected":false},"excerpt":{"rendered":"<p>Jeg vil innlede med noen linjer om en litt \u00abeksotisk\u00bb drue (for en franskmann, i hvert fall) som jeg liker spesielt godt. For en mann fra Bordeaux som bare er kjent med \u00abklassiske druer\u00bb som merlot og cabernet er zinfandel en \u00abannerledes\u00bb drue. Druen har nemlig en stor fylde, utvikler et dypt preg av b\u00e6r ved lagring, og har en deilig krydret karakter i seg &#8230;: Zinfandel var frem til 1998 den mest plantede druen i California, og er fortsatt i dag en av de viktigste variantene i USA, og mer enn 10 prosent av de californiske vinstokkene er i&#8230;<\/p>\n<p class=\"continue-reading-button\"> <a class=\"continue-reading-link\" href=\"https:\/\/nmdb.no\/vintipset\/om-zinfandel\/\">Les mer<i class=\"crycon-right-dir\"><\/i><\/a><\/p>\n","protected":false},"author":4,"featured_media":0,"parent":0,"menu_order":0,"comment_status":"closed","ping_status":"closed","template":"","meta":{"footnotes":""},"class_list":["post-5352","page","type-page","status-publish","hentry"],"_links":{"self":[{"href":"https:\/\/nmdb.no\/vintipset\/wp-json\/wp\/v2\/pages\/5352"}],"collection":[{"href":"https:\/\/nmdb.no\/vintipset\/wp-json\/wp\/v2\/pages"}],"about":[{"href":"https:\/\/nmdb.no\/vintipset\/wp-json\/wp\/v2\/types\/page"}],"author":[{"embeddable":true,"href":"https:\/\/nmdb.no\/vintipset\/wp-json\/wp\/v2\/users\/4"}],"replies":[{"embeddable":true,"href":"https:\/\/nmdb.no\/vintipset\/wp-json\/wp\/v2\/comments?post=5352"}],"version-history":[{"count":1,"href":"https:\/\/nmdb.no\/vintipset\/wp-json\/wp\/v2\/pages\/5352\/revisions"}],"predecessor-version":[{"id":5355,"href":"https:\/\/nmdb.no\/vintipset\/wp-json\/wp\/v2\/pages\/5352\/revisions\/5355"}],"wp:attachment":[{"href":"https:\/\/nmdb.no\/vintipset\/wp-json\/wp\/v2\/media?parent=5352"}],"curies":[{"name":"wp","href":"https:\/\/api.w.org\/{rel}","templated":true}]}}