{"id":12685,"date":"2025-11-28T15:36:18","date_gmt":"2025-11-28T14:36:18","guid":{"rendered":"https:\/\/nmdb.no\/vintipset\/?page_id=12685"},"modified":"2025-12-02T13:56:47","modified_gmt":"2025-12-02T12:56:47","slug":"drappier","status":"publish","type":"page","link":"https:\/\/nmdb.no\/vintipset\/drappier\/","title":{"rendered":"Drappier"},"content":{"rendered":"<div class=\"wp-block-image\">\n<figure class=\"alignright size-full\"><img loading=\"lazy\" decoding=\"async\" width=\"375\" height=\"465\" src=\"http:\/\/nmdb.no\/vintipset\/wp-content\/uploads\/2018\/09\/drappier_1024x1024-tegning.webp\" alt=\"\" class=\"wp-image-9273\" srcset=\"https:\/\/nmdb.no\/vintipset\/wp-content\/uploads\/2018\/09\/drappier_1024x1024-tegning.webp 375w, https:\/\/nmdb.no\/vintipset\/wp-content\/uploads\/2018\/09\/drappier_1024x1024-tegning-242x300.webp 242w, https:\/\/nmdb.no\/vintipset\/wp-content\/uploads\/2018\/09\/drappier_1024x1024-tegning-121x150.webp 121w\" sizes=\"(max-width: 375px) 100vw, 375px\" \/><\/figure><\/div>\n\n\n<p>DRAPPIER har et unikt jordsmonn rundt landsbyen Urville. Jordsmonnet p\u00e5 den ene siden av landsbyen helt likt det man finner i de beste r\u00f8dvinsappelasjonene i Burgund (C\u00f4tes de Nuits, Gevrey-Chambertin) og s\u00e5ledes en stor fordel for kvaliteten, siden Drappier bruker mest Pinot Noir-druer. Jordsmonnet p\u00e5 den andre siden av landsbyen er helt likt det man finner i Chablis Grand Cru, og egner seg dermed veldig godt til de fire opprinnelige hvitvinsdruene: Chardonnay, Arbanne, Pinot Blanc Vrai og Petit Meslier.<\/p>\n\n\n\n<p>DRAPPIER produserer alltid champagne som er s\u00e5 \u00abren\u00bb som mulig, og de er det huset som bruker minst svovel i sine champagner. Det bidrar til \u00e5 gi deres champagne en friskere, renere og mer delikat smak. <\/p>\n\n\n\n<p>DRAPPIER produserer 100 prosent av sin \u00abliqueur d&#8217;exp\u00e9dition\u00bb selv, og den er minst 10 til 15 \u00e5r gammel (liqueur d&#8217;exp\u00e9dition benyttes til dosering [s\u00f8dmeregulering] av champagne). <\/p>\n\n\n\n<p> CHAMPAGNE DRAPPIER er det f\u00f8rste og eneste vinhuset i Champagne med null CO2-utslipp. Dette faktumet er sertifisert av den franske staten. Champagne Drappier produseres etter en biodynamisk filosofi, og vinhuset har n\u00e5 s\u00f8kt om sertifisering som offentlig bekrefter dette.<\/p>\n","protected":false},"excerpt":{"rendered":"<p>DRAPPIER har et unikt jordsmonn rundt landsbyen Urville. Jordsmonnet p\u00e5 den ene siden av landsbyen helt likt det man finner i de beste r\u00f8dvinsappelasjonene i Burgund (C\u00f4tes de Nuits, Gevrey-Chambertin) og s\u00e5ledes en stor fordel for kvaliteten, siden Drappier bruker mest Pinot Noir-druer. Jordsmonnet p\u00e5 den andre siden av landsbyen er helt likt det man finner i Chablis Grand Cru, og egner seg dermed veldig godt til de fire opprinnelige hvitvinsdruene: Chardonnay, Arbanne, Pinot Blanc Vrai og Petit Meslier. DRAPPIER produserer alltid champagne som er s\u00e5 \u00abren\u00bb som mulig, og de er det huset som bruker minst svovel i sine&#8230;<\/p>\n<p class=\"continue-reading-button\"> <a class=\"continue-reading-link\" href=\"https:\/\/nmdb.no\/vintipset\/drappier\/\">Les mer<i class=\"crycon-right-dir\"><\/i><\/a><\/p>\n","protected":false},"author":4,"featured_media":0,"parent":0,"menu_order":0,"comment_status":"closed","ping_status":"closed","template":"","meta":{"footnotes":""},"class_list":["post-12685","page","type-page","status-publish","hentry"],"_links":{"self":[{"href":"https:\/\/nmdb.no\/vintipset\/wp-json\/wp\/v2\/pages\/12685"}],"collection":[{"href":"https:\/\/nmdb.no\/vintipset\/wp-json\/wp\/v2\/pages"}],"about":[{"href":"https:\/\/nmdb.no\/vintipset\/wp-json\/wp\/v2\/types\/page"}],"author":[{"embeddable":true,"href":"https:\/\/nmdb.no\/vintipset\/wp-json\/wp\/v2\/users\/4"}],"replies":[{"embeddable":true,"href":"https:\/\/nmdb.no\/vintipset\/wp-json\/wp\/v2\/comments?post=12685"}],"version-history":[{"count":3,"href":"https:\/\/nmdb.no\/vintipset\/wp-json\/wp\/v2\/pages\/12685\/revisions"}],"predecessor-version":[{"id":12856,"href":"https:\/\/nmdb.no\/vintipset\/wp-json\/wp\/v2\/pages\/12685\/revisions\/12856"}],"wp:attachment":[{"href":"https:\/\/nmdb.no\/vintipset\/wp-json\/wp\/v2\/media?parent=12685"}],"curies":[{"name":"wp","href":"https:\/\/api.w.org\/{rel}","templated":true}]}}