{"id":2986,"date":"2017-12-02T13:44:53","date_gmt":"2017-12-02T12:44:53","guid":{"rendered":"http:\/\/nmdb.no\/vintipset\/?page_id=2986"},"modified":"2017-12-02T13:50:31","modified_gmt":"2017-12-02T12:50:31","slug":"bertall","status":"publish","type":"page","link":"http:\/\/nmdb.no\/vintipset\/bertall\/","title":{"rendered":"Bertall"},"content":{"rendered":"<p style=\"text-align: left;\"><a href=\"http:\/\/nmdb.no\/vintipset\/wp-content\/uploads\/2017\/12\/Dame-Vigne.jpg\"><img loading=\"lazy\" decoding=\"async\" class=\"alignleft wp-image-2987\" src=\"http:\/\/nmdb.no\/vintipset\/wp-content\/uploads\/2017\/12\/Dame-Vigne.jpg\" alt=\"\" width=\"316\" height=\"497\" \/><\/a>Kj\u00e6re Vinvenn,<br \/>\n<strong>Jeg har en fantastisk nabo p\u00e5 Bislett i Oslo som gjorde et helt unikt funn hos Fretex like f\u00f8r jul i fjor.\u00a0<\/strong><strong>Han fant (og kj\u00f8pte) f\u00f8rste utgaven av en gammel fransk vinbok fra 1878, og den var i perfekt\u00a0<\/strong><strong>stand.<\/strong><br \/>\nBoken heter p\u00e5 norsk: \u00abReiser rundt Frankrikes viner: En fysiologisk, anekdotisk, historisk,\u00a0humoristisk og til og med vitenskapelig studie\u00bb. En lang tittel og undertittel &#8211; det er ikke bare jeg\u00a0som liker det, tydeligvis. Boken er skrevet av en mann som heter <strong>Bertall<\/strong> (egentlig Charles d\u2019Arnoux).<br \/>\nDa jeg fikk levert p\u00e5 d\u00f8ren, det f\u00f8rste eksemplaret av min siste bok, ogs\u00e5 med lang tittel og undertittel\u00a0(og basert p\u00e5 reise): \u00abVin det er livet! En universell, historisk og h\u00f8yst uformell reise i vinens\u00a0forunderlige verden\u00bb <a href=\"http:\/\/vinhusetnofra.no\/vinbok\" target=\"_blank\" rel=\"noopener\">LES MER OM BOKEN HER<\/a>, traff jeg min kj\u00e6re nabo i trappen som fortalte meg\u00a0p\u00e5 sin beste fransk (han var jo franskl\u00e6rer):<br \/>\n&#8211; Nicolas, jeg har kj\u00f8pt en bok som muligens er av stor interesse for deg!\u00a0Boken han holdt i hendene hadde fascinert meg over en lengre tid, og endelig var den rett foran meg,\u00a0og nesten min. Jeg f\u00f8lte jeg m\u00e5tte kj\u00f8pe den videre av han, og selvsagt gjorde jeg det.<br \/>\nBoken er 137 \u00e5r gammel, skrevet p\u00e5 en veldig detaljert men samtidig underholdene m\u00e5te. En\u00a0spesiell form for (nesten t\u00f8rr) humor er blandet med seri\u00f8sitet, lidenskap, og sans for detaljer\u00a0p\u00e5 alle de 657 sider. Jeg kjenner meg veldig godt igjen i hans beskrivelser av Bordeauxvinverden<br \/>\nfra 1870-\u00e5rene. Nei, jeg er ikke s\u00e5 gammel, men alle vet at ingenting og ingen\u00a0orandrer seg s\u00e5 mye i Bordeaux; ikke landskapene, ikke bygningene, heller ikke levem\u00e5ten,\u00a0mentaliteter og selvsagt ikke den velkjente M\u00e9doc-klassifiseringen fra 1855 (bortsatt fra et\u00a0mystisk unntak i 1973 &#8211; Lafitte Rothschid ble oppgradert fra annen til f\u00f8rste Cru etter over et\u00a0hundre \u00e5r med \u00abunderjordisk lobby-virksomhet\u00bb\u2026).<br \/>\nEtter de tragiske hendelsene i forrige uke leste jeg en setning i denne boken som brant seg fast i\u00a0mitt hodet: \u00ab Det vonde i dette livet, ligger dessverre altfor ofte veldig n\u00e6rt tilknyttet det\u00a0gode\u00bb.<br \/>\nSom en konstant liten vekker overfor v\u00e5re hoder siden grensen mellom godt og vondt er\u00a0ekstrem tynn: han beskriver nemlig den tynne grensen mellom en vellykket fest med akkurat\u00a0passe mengde med vin, og en mislykket kveld (og enda verre morgen med blant annet angst)\u00a0med akkurat for mye vin\u2026<br \/>\nDa jeg endelig ble ferdig med boken, s\u00e5 jeg p\u00e5 bildet av Bertall og jeg tenkte med en gang: \u00abfor\u00a0en sympatisk, multitalentfull og kultivert mann, denne Bertall. Han hadde jeg likt \u00e5 treffe,\u00a0konversere med og selvsagt drikke vin med. Men dette m\u00e5 nok vente (veldig lenge h\u00e5per jeg) til\u00a0vi treffes, han og jeg der oppe. Fordi jeg har et godt liv \u00e5 leve p\u00e5 jorden f\u00f8r jeg eventuelt\u00a0kommer opp til paradis.<br \/>\nJeg \u00f8nsker \u00e5 avslutte med \u00e5 sitere den persiske dikter, matematiker, filosof og astronom Omar Khayyam (f\u00f8dt i 1048 i Nishapur i Persia\/Iran, d\u00f8d 1131). Han ble ofte hakket p\u00e5 av ortodokse\u00a0muslimer som f\u00f8lte at hans tendens til \u00e5 sette sp\u00f8rsm\u00e5lstegn ved s\u00e5 mange ting ikke var i\u00a0overensstemmelse med troen. Khayyam harselerer gjerne med den religi\u00f8se praksisen i flere av\u00a0sine epigrammer (korte, fyndige dikt) og latterliggj\u00f8r det som er hellig.<\/p>\n<p style=\"text-align: center;\">\u201dParadis er fylt av nydelige og perfekte kvinner, sier De?<br \/>\nOg honning og vin renner i strie str\u00f8mmer &#8230;?<br \/>\nHvorfor forbys alle gode ting i denne verden,<br \/>\nhvis man skal nyte dem i all evighet der oppe?\u201d<\/p>\n<p style=\"text-align: left;\"><strong>Men som sagt kan Paradis vente litt til, vi har tross alt et liv, et godt liv \u00e5 leve p\u00e5 jorden.\u00a0Sammen<\/strong>!<\/p>\n","protected":false},"excerpt":{"rendered":"<p>Kj\u00e6re Vinvenn, Jeg har en fantastisk nabo p\u00e5 Bislett i Oslo som gjorde et helt unikt funn hos Fretex like f\u00f8r jul i fjor.\u00a0Han fant (og kj\u00f8pte) f\u00f8rste utgaven av en gammel fransk vinbok fra 1878, og den var i perfekt\u00a0stand. Boken heter p\u00e5 norsk: \u00abReiser rundt Frankrikes viner: En fysiologisk, anekdotisk, historisk,\u00a0humoristisk og til og med vitenskapelig studie\u00bb. En lang tittel og undertittel &#8211; det er ikke bare jeg\u00a0som liker det, tydeligvis. Boken er skrevet av en mann som heter Bertall (egentlig Charles d\u2019Arnoux). Da jeg fikk levert p\u00e5 d\u00f8ren, det f\u00f8rste eksemplaret av min siste bok, ogs\u00e5 med&#8230;<\/p>\n<p class=\"continue-reading-button\"> <a class=\"continue-reading-link\" href=\"http:\/\/nmdb.no\/vintipset\/bertall\/\">Les mer<i class=\"crycon-right-dir\"><\/i><\/a><\/p>\n","protected":false},"author":4,"featured_media":0,"parent":0,"menu_order":0,"comment_status":"closed","ping_status":"closed","template":"","meta":{"footnotes":""},"class_list":["post-2986","page","type-page","status-publish","hentry"],"_links":{"self":[{"href":"http:\/\/nmdb.no\/vintipset\/wp-json\/wp\/v2\/pages\/2986"}],"collection":[{"href":"http:\/\/nmdb.no\/vintipset\/wp-json\/wp\/v2\/pages"}],"about":[{"href":"http:\/\/nmdb.no\/vintipset\/wp-json\/wp\/v2\/types\/page"}],"author":[{"embeddable":true,"href":"http:\/\/nmdb.no\/vintipset\/wp-json\/wp\/v2\/users\/4"}],"replies":[{"embeddable":true,"href":"http:\/\/nmdb.no\/vintipset\/wp-json\/wp\/v2\/comments?post=2986"}],"version-history":[{"count":5,"href":"http:\/\/nmdb.no\/vintipset\/wp-json\/wp\/v2\/pages\/2986\/revisions"}],"predecessor-version":[{"id":2996,"href":"http:\/\/nmdb.no\/vintipset\/wp-json\/wp\/v2\/pages\/2986\/revisions\/2996"}],"wp:attachment":[{"href":"http:\/\/nmdb.no\/vintipset\/wp-json\/wp\/v2\/media?parent=2986"}],"curies":[{"name":"wp","href":"https:\/\/api.w.org\/{rel}","templated":true}]}}