{"id":2641,"date":"2017-09-27T21:04:04","date_gmt":"2017-09-27T19:04:04","guid":{"rendered":"http:\/\/nmdb.no\/vintipset\/?page_id=2641"},"modified":"2017-09-27T22:06:45","modified_gmt":"2017-09-27T20:06:45","slug":"les-mer","status":"publish","type":"page","link":"http:\/\/nmdb.no\/vintipset\/les-mer\/","title":{"rendered":"les mer"},"content":{"rendered":"<p>Vin er en levende organisme (han beskriver det som &laquo;vegetabilsk blod&raquo;) som inneholder ca. 250 elementer, i motsetning til kjemisk og industriell alkohol.<br \/>\n1 liter vin inneholder mellom 800 til 900 gram vann, 20 til 30 gram glukose og fruktose, 5 til 10 gram glyserin, 6 til 12 gram forskjellige organiske syrer.\u00a0Vin inneholder noen gram av mineralske stoffer som magnesium, kalium, natrium, kalsium, jern, 60 til 100 gram Etanol og andre stoffer som tanniner og gj\u00e6r.<\/p>\n<p>If\u00f8lge doktor Maury, inneholder ogs\u00e5 vinen\u00a0mellom 3,5 til 15 g\/l glyserin, som ogs\u00e5 finnes naturlig i tarmen, og er med i flere viktige ford\u00f8yelsesprosesser, nedbryting av fett og syntese av nye produkter som er gunstig for kroppen. Inntak av vin under en middag hjelper med\u00a0 \u00e5 bekjempe\u00a0alkalose som er per definisjon &laquo;en \u00a0forstyrrelse av kroppens <a href=\"https:\/\/sml.snl.no\/elektrolytt\">elektrolyttbalanse\u00a0<\/a>i basisk retning, slik at pH i\u00a0<a href=\"https:\/\/sml.snl.no\/plasma\">plasma\u00a0<\/a>blir over 7,4.\u00a0Alkalose gir \u00f8kt irritabilitet av nervesystemet, og kan hos disponerte individer utl\u00f8se kramper eller muskelrykninger.&raquo;<br \/>\n<img loading=\"lazy\" decoding=\"async\" class=\"alignleft wp-image-2621\" src=\"http:\/\/nmdb.no\/vintipset\/wp-content\/uploads\/2017\/09\/Vitaminer-2.jpg\" alt=\"\" width=\"283\" height=\"212\" srcset=\"http:\/\/nmdb.no\/vintipset\/wp-content\/uploads\/2017\/09\/Vitaminer-2.jpg 1600w, http:\/\/nmdb.no\/vintipset\/wp-content\/uploads\/2017\/09\/Vitaminer-2-300x225.jpg 300w, http:\/\/nmdb.no\/vintipset\/wp-content\/uploads\/2017\/09\/Vitaminer-2-768x576.jpg 768w, http:\/\/nmdb.no\/vintipset\/wp-content\/uploads\/2017\/09\/Vitaminer-2-1024x768.jpg 1024w, http:\/\/nmdb.no\/vintipset\/wp-content\/uploads\/2017\/09\/Vitaminer-2-200x150.jpg 200w, http:\/\/nmdb.no\/vintipset\/wp-content\/uploads\/2017\/09\/Vitaminer-2-150x113.jpg 150w\" sizes=\"(max-width: 283px) 100vw, 283px\" \/>Men \u00a0vin inneholder ogs\u00e5 en del naturlige vitaminer som vitamin C og vitamin B (s\u00e6rlig B1, B2, B3, B5, B6 og B12). Tanniner inneholder en vitamin P (som er et gammelt navn som samler f\u00f8lgende tre stoffer, <a href=\"https:\/\/fr.wikipedia.org\/wiki\/Tanin_condens%C3%A9\">proanthocyanidine<\/a>, vitamin C2 og flavono\u00efdes, kilden til antioksidanter)\u00a0som virker som et viktig transportmiddel for \u00e5\u00a0 frakte alle viktige vitaminer\/elementer til cellene i kroppen.<br \/>\nBegrenset inntak av god vin har mange gode effekter p\u00e5 kroppen. Det f\u00f8rste er \u00e5 sette i gang sansene (syn, lukt, smak), \u00f8ke en psykisk og fysisk velv\u00e6re, \u00f8ke nerveimpulser og sette i gang produksjon av magesyrene som hjelper med\u00a0ford\u00f8yelsen.<br \/>\n&laquo;Drikk ikke lenger bare vann, men bruk litt vin for din mage og fordi du s\u00e5 ofte er syk\u201d (1. Tim. 5,23). Dette r\u00e5det fra Paulus til vennen Timoteus har v\u00e6rt et kj\u00e6rkomment argument i mang en alkoholdebatt n\u00e5r kristne m\u00e5teholdsfolk har fors\u00f8kt \u00e5 overbevise avholdsfolk om at de tar feil.<br \/>\nEtter magesekken fortsetter elementene i vinen sin gunstige reise i kroppen, inn i v\u00e5r tynntarm. Glycerin, vann kombinert med fosfater kommer til \u00e5 gi glyserolfosfater som lagres av kroppen, for senere bruk eller arbeidsavlastning av andre kroppsorganer.<br \/>\nTanniner (i moderate mengder) har en positiv effekt p\u00e5 muskelfibrene til ford\u00f8yelsessystemets kanal. Dette har en direkte effekt p\u00e5 produksjonen av galle i leveren. Gallen dannes kontinuerlig i leveren, og skilles ut via gallegangene til gallebl\u00e6ren. Gallebl\u00e6ren fungerer som et midlertidig lager, og bidrar til at ut t\u00f8mmingen av\u00a0galle\u00a0i tarmen f\u00f8lger m\u00e5ltidene. Gallen\u00a0spiller en hovedrolle for nedbrytingen av fettstoffer. Gallesyrene i\u00a0gallen\u00a0bidrar til at fettet emulgeres, det vil si at det omdannes til en oppl\u00f8sning av mikroskopiske dr\u00e5per \u2013 miceller \u2013 som gir det fettspaltende enzymet en stor overflate \u00e5 virke p\u00e5.<br \/>\nProfessor Loeper har med dette bevist at 20 centiliter vin f\u00f8rer til en produksjon av ca. 190 gram galle.<br \/>\nIf\u00f8lge en annen professor, Herr Dougnac, har en begrenset mengde vin av riktig type\u00a0 (kommer tilbake til det litt senere) gode effekter p\u00e5 leveren. Vinen stimulerer til \u00f8kning av hvite blodceller, noe som igjen forbreder immunforsvaret mot eventuelle infeksjoner.<br \/>\nVinen har positive effekter p\u00e5 v\u00e5rt nervesystem ogs\u00e5. Alle mennesker har et behov for \u00e5 bli stimulert p\u00e5 en m\u00e5te, og da er det mye bedre \u00e5 bruke et sunnere alternativ, \u00a0som vin. Hvitvin har ogs\u00e5 en positiv effekt p\u00e5 v\u00e5r urinvei, takket v\u00e6re h\u00f8y syre og tartrater som finnes naturlig i hvitvin.\u00a0Det er ogs\u00e5 veldig kjent at vin (s\u00e6rlig r\u00f8dvin) forhindrer hjerte- og karsykdommer. Det er ikke uvanlig at eldre blir servert r\u00f8dvin til middagen p\u00e5 pleiehjemmene i Frankrike, da dette stimulerer appetitten ogs\u00e5.<\/p>\n<p>I de neste linjene kommer jeg til \u00e5 oppsummere p\u00e5 en lett og forst\u00e5elig m\u00e5te, hvilken type vin og i hvilke mengder som passer best for en bestemt fysisk plage eller lidelse.<br \/>\nAkkurat p\u00e5 samme m\u00e5te som en lege skriver ut resepter p\u00e5 ulike medisiner for uliker plager, s\u00e5 funker vinen p\u00e5 samme m\u00e5te.<\/p>\n<p><strong>Tabell om anbefalt mengde \u00abflytende medisin\u00bb<\/strong><br \/>\nTabellen har faktisk v\u00e6rt i bruk lenge i Frankrike, s\u00e6rlig i kretser med store \u201dvin\u00f8se\u201d interesser \u2026<a href=\"http:\/\/nmdb.no\/vintipset\/wp-content\/uploads\/2017\/09\/Tabell-om-sykdom.pdf\" target=\"_blank\" rel=\"noopener\"><br \/>\nklikk her for \u00e5 lese tabellen<\/a><\/p>\n<hr \/>\n<p><a href=\"http:\/\/nmdb.no\/vintipset\/wp-content\/uploads\/2017\/09\/Nicolas-tegning-Den-har-en-fin-kjole-220917-Rediget-tekst-2.jpg\" target=\"_blank\" rel=\"noopener\"><img loading=\"lazy\" decoding=\"async\" class=\"aligncenter wp-image-2628\" title=\"Klikk for st\u00f8rre bilde\" src=\"http:\/\/nmdb.no\/vintipset\/wp-content\/uploads\/2017\/09\/Nicolas-tegning-Den-har-en-fin-kjole-220917-Rediget-tekst-2.jpg\" alt=\"\" width=\"908\" height=\"382\" \/><\/a><\/p>\n<hr \/>\n<h4 style=\"text-align: center;\">Denne uken vil jeg veldig gjerne anbefale deg disse to nydelige (og samtidig) rimelige nyhetene fra Burgund:<\/h4>\n<p style=\"text-align: center;\">NYHETER fra September 2017<\/p>\n<hr \/>\n<h2><a href=\"http:\/\/nmdb.no\/vintipset\/wp-content\/uploads\/2017\/09\/7775301.jpg\"><img loading=\"lazy\" decoding=\"async\" class=\"alignleft wp-image-2638\" src=\"http:\/\/nmdb.no\/vintipset\/wp-content\/uploads\/2017\/09\/7775301.jpg\" alt=\"\" width=\"100\" height=\"288\" srcset=\"http:\/\/nmdb.no\/vintipset\/wp-content\/uploads\/2017\/09\/7775301.jpg 400w, http:\/\/nmdb.no\/vintipset\/wp-content\/uploads\/2017\/09\/7775301-104x300.jpg 104w, http:\/\/nmdb.no\/vintipset\/wp-content\/uploads\/2017\/09\/7775301-355x1024.jpg 355w, http:\/\/nmdb.no\/vintipset\/wp-content\/uploads\/2017\/09\/7775301-52x150.jpg 52w\" sizes=\"(max-width: 100px) 100vw, 100px\" \/><\/a><\/h2>\n<h1>Chorey-l\u00e8s-Beaune les Confrelins 2015<\/h1>\n<p>Frisk, mineralsk og fruktig. Lang og behagelig ettersmak.<br \/>\nKr. 259,90 Varenr.:7775301<\/p>\n<p><a href=\"https:\/\/www.vinmonopolet.no\/vmpSite\/Land\/Frankrike\/Chorey-l%C3%A8s-Beaune-les-Confrelins-2015\/p\/7775301\" target=\"_blank\" rel=\"noopener\">Les mer om vinen og bestill her<\/a><\/p>\n<hr \/>\n<p>&nbsp;<\/p>\n<h1><a href=\"http:\/\/nmdb.no\/vintipset\/wp-content\/uploads\/2017\/09\/7775201.jpg\"><img loading=\"lazy\" decoding=\"async\" class=\"alignleft wp-image-2639\" src=\"http:\/\/nmdb.no\/vintipset\/wp-content\/uploads\/2017\/09\/7775201.jpg\" alt=\"\" width=\"100\" height=\"293\" srcset=\"http:\/\/nmdb.no\/vintipset\/wp-content\/uploads\/2017\/09\/7775201.jpg 400w, http:\/\/nmdb.no\/vintipset\/wp-content\/uploads\/2017\/09\/7775201-350x1024.jpg 350w, http:\/\/nmdb.no\/vintipset\/wp-content\/uploads\/2017\/09\/7775201-51x150.jpg 51w\" sizes=\"(max-width: 100px) 100vw, 100px\" \/><\/a>Chorey-L\u00e8s-Beaune Les Beaumonts 2014<\/h1>\n<p>Rik, sjener\u00f8s og delikat. Lang og behagelig ettersmak.<br \/>\nKr. 249,90 Varenr.:7775201<\/p>\n<p><a href=\"https:\/\/www.vinmonopolet.no\/vmpSite\/Land\/Frankrike\/Chorey-L%C3%A8s-Beaune-Les-Beaumonts-2014\/p\/7775201\" target=\"_blank\" rel=\"noopener\">Les mer om vinen og bestill her<\/a><\/p>\n<p>&nbsp;<\/p>\n<h2><strong>\u00a0<\/strong><\/h2>\n<hr \/>\n<div id=\"attachment_2606\" style=\"width: 373px\" class=\"wp-caption aligncenter\"><a href=\"https:\/\/www.deltager.no\/Expo2017\" target=\"_blank\" rel=\"noopener\"><img loading=\"lazy\" decoding=\"async\" aria-describedby=\"caption-attachment-2606\" class=\"wp-image-2606\" title=\"Meld deg p\u00e5 i dag!\" src=\"http:\/\/nmdb.no\/vintipset\/wp-content\/uploads\/2017\/09\/ARMANAC-EXPO-ANNONSE.jpg\" alt=\"\" width=\"363\" height=\"324\" \/><\/a><p id=\"caption-attachment-2606\" class=\"wp-caption-text\">Klikk for mer informasjon<\/p><\/div>\n<p style=\"text-align: center;\"><a href=\"http:\/\/nmdb.no\/vintipset\/wp-content\/uploads\/2017\/09\/Armagnac-expo-2017-260917.pdf\" target=\"_blank\" rel=\"noopener\">Les om v\u00e5re produkter her<\/a><\/p>\n<p style=\"text-align: center;\">P\u00e5melding til festmiddag gj\u00f8res direkte til:<br \/>\nJan Roger Stave: \u00a0<a href=\"mailto:jr@seit.no\" rel=\"noopener\">jr@seit.no<\/a><\/p>\n","protected":false},"excerpt":{"rendered":"<p>Vin er en levende organisme (han beskriver det som &laquo;vegetabilsk blod&raquo;) som inneholder ca. 250 elementer, i motsetning til kjemisk og industriell alkohol. 1 liter vin inneholder mellom 800 til 900 gram vann, 20 til 30 gram glukose og fruktose, 5 til 10 gram glyserin, 6 til 12 gram forskjellige organiske syrer.\u00a0Vin inneholder noen gram av mineralske stoffer som magnesium, kalium, natrium, kalsium, jern, 60 til 100 gram Etanol og andre stoffer som tanniner og gj\u00e6r. If\u00f8lge doktor Maury, inneholder ogs\u00e5 vinen\u00a0mellom 3,5 til 15 g\/l glyserin, som ogs\u00e5 finnes naturlig i tarmen, og er med i flere viktige ford\u00f8yelsesprosesser,&#8230;<\/p>\n<p class=\"continue-reading-button\"> <a class=\"continue-reading-link\" href=\"http:\/\/nmdb.no\/vintipset\/les-mer\/\">Les mer<i class=\"crycon-right-dir\"><\/i><\/a><\/p>\n","protected":false},"author":4,"featured_media":0,"parent":0,"menu_order":0,"comment_status":"closed","ping_status":"closed","template":"","meta":{"footnotes":""},"class_list":["post-2641","page","type-page","status-publish","hentry"],"_links":{"self":[{"href":"http:\/\/nmdb.no\/vintipset\/wp-json\/wp\/v2\/pages\/2641"}],"collection":[{"href":"http:\/\/nmdb.no\/vintipset\/wp-json\/wp\/v2\/pages"}],"about":[{"href":"http:\/\/nmdb.no\/vintipset\/wp-json\/wp\/v2\/types\/page"}],"author":[{"embeddable":true,"href":"http:\/\/nmdb.no\/vintipset\/wp-json\/wp\/v2\/users\/4"}],"replies":[{"embeddable":true,"href":"http:\/\/nmdb.no\/vintipset\/wp-json\/wp\/v2\/comments?post=2641"}],"version-history":[{"count":4,"href":"http:\/\/nmdb.no\/vintipset\/wp-json\/wp\/v2\/pages\/2641\/revisions"}],"predecessor-version":[{"id":2662,"href":"http:\/\/nmdb.no\/vintipset\/wp-json\/wp\/v2\/pages\/2641\/revisions\/2662"}],"wp:attachment":[{"href":"http:\/\/nmdb.no\/vintipset\/wp-json\/wp\/v2\/media?parent=2641"}],"curies":[{"name":"wp","href":"https:\/\/api.w.org\/{rel}","templated":true}]}}