{"id":1279,"date":"2017-01-17T15:51:38","date_gmt":"2017-01-17T14:51:38","guid":{"rendered":"http:\/\/nmdb.no\/vintipset\/?page_id=1279"},"modified":"2017-01-17T16:03:26","modified_gmt":"2017-01-17T15:03:26","slug":"musikk-og-vin-og-en-unik-konsert-pa-aker-brygge-med-champagne-drappier","status":"publish","type":"page","link":"http:\/\/nmdb.no\/vintipset\/musikk-og-vin-og-en-unik-konsert-pa-aker-brygge-med-champagne-drappier\/","title":{"rendered":"Musikk og vin"},"content":{"rendered":"<h4 style=\"text-align: center;\"><a href=\"https:\/\/www.youtube.com\/watch?v=4zj6XmU7ZS8\" target=\"_blank\">Hver uke lanseres en ny episode av 9 WineWine \u2013 klikk her<\/a><\/h4>\n<p>&nbsp;<\/p>\n<hr \/>\n<h2>Musikk og vin\u00a0\u2013 og en unik konsert p\u00e5\u00a0Aker Brygge med Champagne Drappier!<\/h2>\n<p>&nbsp;<\/p>\n<p>Kj\u00e6re Vinvenn,<\/p>\n<p>Godt nytt\u00e5r til deg og dine kj\u00e6re!<\/p>\n<div id=\"attachment_1239\" class=\"wp-caption alignleft\">\n<p><a href=\"http:\/\/nmdb.no\/vintipset\/wp-content\/uploads\/2017\/01\/Michael-Drappier.png\"><img loading=\"lazy\" decoding=\"async\" class=\"wp-image-1239\" src=\"http:\/\/nmdb.no\/vintipset\/wp-content\/uploads\/2017\/01\/Michael-Drappier.png\" width=\"378\" height=\"480\" \/><\/a><\/p>\n<p class=\"wp-caption-text\">Michel Drappier<\/p>\n<\/div>\n<p><strong>L\u00f8rdag 4. februar 2017<\/strong>\u00a0 har vi i samarbeide med den Franske Ambassaden, den store gleden \u00e5 invitere deg til en unik og veldig original Champagne og musikkopplevelse.\u00a0Under Oslo Vinfestival f\u00e5r du muligheten til \u00e5 smake 5 ulike champagner fra <strong>Champagne Drappier<\/strong>.\u00a0<a href=\"https:\/\/www.pierrethilloy.com\/\" target=\"_blank\">Komponisten Pierre Thilloy<\/a> \u00a0skrev 5 ulike musikkstykker for 5 ulike champagne-cuv\u00e9er.<br \/>\nHvert musikkstykke blir spilt av en kvartett, f\u00f8r champagnemusikken blir spilt og champagne blir servert.\u00a0Mens dere nyter deres glass, skal selve komponisten (godt hjulpet av undertegnede) forklare hvordan, hvorfor og hvilke inntrykk og f\u00f8lelser som ligger bak.\u00a0Dette repeteres 5 ganger til sammen.<br \/>\nDette kan vi\u00a0 tilby \u00a0til bare kr 550,- per person;\u00a0 5 glass champagne, konsert og foredrag.\u00a0P<em>lassene er begrenset til 40 personer, <strong>og du kan melde deg p\u00e5 allerede i dag med \u00e5 trykke p\u00e5 f\u00f8lgende link:<\/strong><\/em><strong>\u00a0<a href=\"https:\/\/oslovinfestival.hoopla.no\/sales\/champagnekonsert\" target=\"_blank\">Champagnekonsert<\/a><br \/>\n<\/strong><\/p>\n<h3>Men hva er egentlig forholdet mellom vin og musikk?<\/h3>\n<p>En stor vinopplevelse er som en unik symfoni, som kun oppleves av den som tar seg tid til \u00e5 se, lukte og smake \u2026<br \/>\nOg et ekstra \u00abjubelbrus\u00bb kan du i tillegg f\u00e5 med deg hvis glasset tilfeldigvis inneholder ekte champagne som sender\u00a0opp sm\u00e5, delikate og velduftende bobler \u2026<\/p>\n<p>Jeg leste nylig noen gledelige linjer som bekrefter den vin\u00f8se og musikalske f\u00f8lelse jeg har hatt lenge, men ikke satt ord p\u00e5 selv: \u00abFor f\u00f8rste gang viser forskning at musikk influerer smaken av vin, noe som anses \u00e5 ha betydning ikke minst for restauranter. Forskningen fant sted ved Institutt for unders\u00f8kende psykologi ved universitet i Edinburgh, og er basert p\u00e5 teorien om at \u00abmusikk stimulerer spesifikke deler av hjernen.\u00bb<br \/>\nI f\u00f8lge unders\u00f8kelsen bidrar heftig musikk til smaksopplevelsen av r\u00f8dvin og livlig musikk til smaksopplevelsen av hvitvin. De fikk h\u00f8re Blomstervalsen fra N\u00f8tteknekkersuiten av Tsjajkovskij, og da ble vinen de drakk, mer forfinet. H\u00f8rte de <em>Just Can\u2019t get Enough<\/em>, en lett og frisk popl\u00e5t av bandet <em>Nouvelle Vague<\/em>, smakte vinen mer friskt og livlig. Fikk de h\u00f8re det kraftfulle og sammensatte\u00a0nyklassiske verket <em>Carmina Burana <\/em>av Carl Orff, kjentes vinen tyngre og mektigere.<br \/>\nForskerne kaller det kognitiv grunning. Musikken blir et bakteppe som preger opplevelsen ved \u00e5 programmere hjernen med visse forventninger, som opplevelsen av vinen tilpasser seg. Unders\u00f8kelsen ble ogs\u00e5 gjennomf\u00f8rt ved det skotske Heriot Watt University, og ble da utf\u00f8rt med 250 studenter som smaksdommere.<br \/>\nUnders\u00f8kelsen ble i sin tid satt i gang av en chilensk vinprodusent som brukte musikk b\u00e5de under smakingen og vinproduksjonen. Et annet eksempel kommer fra en vinmaker i Toscana som har spilt Mozart og Tsjajkovskij til sine vinplanter i fire \u00e5r, og hevder at de er blitt mye sterkere og frodigere. En annen vinprodusent, denne gangen i Frankrike, spiller ogs\u00e5 kontinuerlig klassisk musikk i sine kjellere og hevder at vinen blir litt mer harmonisk.<br \/>\nI f\u00f8lge unders\u00f8kelsen bidrar heftig musikk til smaksopplevelsen av r\u00f8dvin og livlig musikk til smaksopplevelsen av hvitvin. De fikk h\u00f8re Blomstervalsen fra N\u00f8tteknekkersuiten av Tsjajkovskij, og da ble vinen de drakk, mer forfinet. H\u00f8rte de <em>Just Can\u2019t get Enough<\/em>, en lett og frisk popl\u00e5t av bandet <em>Nouvelle Vague<\/em>, smakte vinen mer friskt og livlig. Fikk de h\u00f8re det kraftfulle og sammensatte\u00a0nyklassiske verket <em>Carmina Burana <\/em>av Carl Orff, kjentes vinen tyngre og mektigere<\/p>\n<p>Musikk kombinert med vinens duft og smak kan forsterke en spesiell opplevelse, og faktorene utfyller hverandre slik at man oppn\u00e5r nye h\u00f8yder. I slike tilfeller dreier det seg om (i beste fall, selvsagt) en kunstnerisk opplevelse som r\u00f8rer oss dypt, ved \u00e5 vekke liv gamle minner, av \u00abforsvunne\u00bb ansikter, f\u00f8lelser og steder.<\/p>\n<p>Musikk og vin minner oss p\u00e5 alt det g\u00e5r an \u00e5 oppleve b\u00e5de emosjonelt og fysisk i et menneskelig liv. Dufter og smaker gir ogs\u00e5 assosiasjoner til egne opplevelser, og de er alle sammen \u00e5 finne i vin.<\/p>\n<hr \/>\n<p><a href=\"http:\/\/nmdb.no\/vintipset\/wp-content\/uploads\/2017\/01\/nicolas-tegning-uke-2-2017.png\"><img loading=\"lazy\" decoding=\"async\" class=\"aligncenter size-full wp-image-1248\" src=\"http:\/\/nmdb.no\/vintipset\/wp-content\/uploads\/2017\/01\/nicolas-tegning-uke-2-2017.png\" sizes=\"(max-width: 500px) 100vw, 500px\" srcset=\"http:\/\/nmdb.no\/vintipset\/wp-content\/uploads\/2017\/01\/nicolas-tegning-uke-2-2017.png 500w, http:\/\/nmdb.no\/vintipset\/wp-content\/uploads\/2017\/01\/nicolas-tegning-uke-2-2017-269x300.png 269w, http:\/\/nmdb.no\/vintipset\/wp-content\/uploads\/2017\/01\/nicolas-tegning-uke-2-2017-135x150.png 135w\" alt=\"\" width=\"500\" height=\"557\" \/><\/a><\/p>\n<hr \/>\n<h4 style=\"text-align: center;\"><\/h4>\n<p style=\"text-align: center;\">\u00a0<a href=\"http:\/\/nmdb.no\/vintipset\/wp-content\/uploads\/2016\/12\/nine-wine-wine.png\"><img loading=\"lazy\" decoding=\"async\" class=\"size-full wp-image-972 aligncenter\" src=\"http:\/\/nmdb.no\/vintipset\/wp-content\/uploads\/2016\/12\/nine-wine-wine.png\" sizes=\"(max-width: 600px) 100vw, 600px\" srcset=\"http:\/\/nmdb.no\/vintipset\/wp-content\/uploads\/2016\/12\/nine-wine-wine.png 600w, http:\/\/nmdb.no\/vintipset\/wp-content\/uploads\/2016\/12\/nine-wine-wine-300x212.png 300w, http:\/\/nmdb.no\/vintipset\/wp-content\/uploads\/2016\/12\/nine-wine-wine-213x150.png 213w, http:\/\/nmdb.no\/vintipset\/wp-content\/uploads\/2016\/12\/nine-wine-wine-150x106.png 150w\" alt=\"\" width=\"600\" height=\"423\" \/><\/a><a href=\"https:\/\/www.youtube.com\/watch?v=miMzp02W2Ow&amp;feature=share\" target=\"_blank\">Klikk her for \u00e5 se en ny episode 9 wine wine<\/a><\/p>\n<hr \/>\n<h6><a href=\"http:\/\/nmdb.no\/vintipset\/wp-content\/uploads\/2016\/06\/Logo-vinhuset-nofra-web.jpg\"><img loading=\"lazy\" decoding=\"async\" class=\"wp-image-31 aligncenter\" src=\"http:\/\/nmdb.no\/vintipset\/wp-content\/uploads\/2016\/06\/Logo-vinhuset-nofra-web.jpg\" sizes=\"(max-width: 221px) 100vw, 221px\" srcset=\"http:\/\/nmdb.no\/vintipset\/wp-content\/uploads\/2016\/06\/Logo-vinhuset-nofra-web.jpg 400w, http:\/\/nmdb.no\/vintipset\/wp-content\/uploads\/2016\/06\/Logo-vinhuset-nofra-web-300x137.jpg 300w\" alt=\"Logo-vinhuset-nofra web\" width=\"221\" height=\"101\" \/><\/a><\/h6>\n<p style=\"text-align: center;\">Med vennlig hilsen<br \/>\n<a href=\"http:\/\/nmdb.no\/vintipset\/wp-content\/uploads\/2016\/06\/Singnatur-Nicolas-blaa.jpg\"><img loading=\"lazy\" decoding=\"async\" class=\"wp-image-226 aligncenter\" src=\"http:\/\/nmdb.no\/vintipset\/wp-content\/uploads\/2016\/06\/Singnatur-Nicolas-blaa.jpg\" sizes=\"(max-width: 256px) 100vw, 256px\" srcset=\"http:\/\/nmdb.no\/vintipset\/wp-content\/uploads\/2016\/06\/Singnatur-Nicolas-blaa.jpg 800w, http:\/\/nmdb.no\/vintipset\/wp-content\/uploads\/2016\/06\/Singnatur-Nicolas-blaa-300x53.jpg 300w, http:\/\/nmdb.no\/vintipset\/wp-content\/uploads\/2016\/06\/Singnatur-Nicolas-blaa-768x135.jpg 768w, http:\/\/nmdb.no\/vintipset\/wp-content\/uploads\/2016\/06\/Singnatur-Nicolas-blaa-100x18.jpg 100w, http:\/\/nmdb.no\/vintipset\/wp-content\/uploads\/2016\/06\/Singnatur-Nicolas-blaa-150x26.jpg 150w, http:\/\/nmdb.no\/vintipset\/wp-content\/uploads\/2016\/06\/Singnatur-Nicolas-blaa-200x35.jpg 200w, http:\/\/nmdb.no\/vintipset\/wp-content\/uploads\/2016\/06\/Singnatur-Nicolas-blaa-450x79.jpg 450w, http:\/\/nmdb.no\/vintipset\/wp-content\/uploads\/2016\/06\/Singnatur-Nicolas-blaa-600x106.jpg 600w\" alt=\"Singnatur-Nicolas blaa\" width=\"256\" height=\"45\" data-pin-nopin=\"true\" \/><\/a>Vinhandler \u2013 Marchand de vins<\/p>\n<p style=\"text-align: center;\"><strong>Vinhuset NoFra as<br \/>\n<\/strong>Karenslyst all\u00e9 10,\u00a0P.B. 431 Sk\u00f8yen \u2013 (N) 0213 Oslo<br \/>\nMobil: +47 46 54 69 66<\/p>\n<p style=\"text-align: center;\"><a href=\"mailto:nicolas@vinhusetnofra.no\">nicolas@vinhusetnofra.no \u2013\u00a0<\/a><a href=\"http:\/\/nmdb.no\/vintipset\/www.vinhusetnofra.no\">www.vinhusetnofra.no<br \/>\n<\/a>Husk <strong>Passord<\/strong> : vinhuset \u00a0og <strong>brukernavn<\/strong>: vinhuset<\/p>\n","protected":false},"excerpt":{"rendered":"<p>Hver uke lanseres en ny episode av 9 WineWine \u2013 klikk her &nbsp; Musikk og vin\u00a0\u2013 og en unik konsert p\u00e5\u00a0Aker Brygge med Champagne Drappier! &nbsp; Kj\u00e6re Vinvenn, Godt nytt\u00e5r til deg og dine kj\u00e6re! Michel Drappier L\u00f8rdag 4. februar 2017\u00a0 har vi i samarbeide med den Franske Ambassaden, den store gleden \u00e5 invitere deg til en unik og veldig original Champagne og musikkopplevelse.\u00a0Under Oslo Vinfestival f\u00e5r du muligheten til \u00e5 smake 5 ulike champagner fra Champagne Drappier.\u00a0Komponisten Pierre Thilloy \u00a0skrev 5 ulike musikkstykker for 5 ulike champagne-cuv\u00e9er. Hvert musikkstykke blir spilt av en kvartett, f\u00f8r champagnemusikken blir spilt og&#8230;<\/p>\n<p class=\"continue-reading-button\"> <a class=\"continue-reading-link\" href=\"http:\/\/nmdb.no\/vintipset\/musikk-og-vin-og-en-unik-konsert-pa-aker-brygge-med-champagne-drappier\/\">Les mer<i class=\"crycon-right-dir\"><\/i><\/a><\/p>\n","protected":false},"author":1,"featured_media":0,"parent":0,"menu_order":0,"comment_status":"closed","ping_status":"closed","template":"","meta":{"footnotes":""},"class_list":["post-1279","page","type-page","status-publish","hentry"],"_links":{"self":[{"href":"http:\/\/nmdb.no\/vintipset\/wp-json\/wp\/v2\/pages\/1279"}],"collection":[{"href":"http:\/\/nmdb.no\/vintipset\/wp-json\/wp\/v2\/pages"}],"about":[{"href":"http:\/\/nmdb.no\/vintipset\/wp-json\/wp\/v2\/types\/page"}],"author":[{"embeddable":true,"href":"http:\/\/nmdb.no\/vintipset\/wp-json\/wp\/v2\/users\/1"}],"replies":[{"embeddable":true,"href":"http:\/\/nmdb.no\/vintipset\/wp-json\/wp\/v2\/comments?post=1279"}],"version-history":[{"count":3,"href":"http:\/\/nmdb.no\/vintipset\/wp-json\/wp\/v2\/pages\/1279\/revisions"}],"predecessor-version":[{"id":1285,"href":"http:\/\/nmdb.no\/vintipset\/wp-json\/wp\/v2\/pages\/1279\/revisions\/1285"}],"wp:attachment":[{"href":"http:\/\/nmdb.no\/vintipset\/wp-json\/wp\/v2\/media?parent=1279"}],"curies":[{"name":"wp","href":"https:\/\/api.w.org\/{rel}","templated":true}]}}